{"id":10,"date":"2023-12-14T17:01:00","date_gmt":"2023-12-14T17:01:00","guid":{"rendered":"https:\/\/momentumsolutionbusiness.com\/?page_id=10"},"modified":"2024-12-13T12:11:58","modified_gmt":"2024-12-13T11:11:58","slug":"politica-de-privacidad","status":"publish","type":"page","link":"https:\/\/momentumsolutionbusiness.com\/ca\/politica-de-privacidad\/","title":{"rendered":"Pol\u00edtica de privadesa"},"content":{"rendered":"<style>.kb-row-layout-id10_aa0328-00 > .kt-row-column-wrap{align-content:center;}:where(.kb-row-layout-id10_aa0328-00 > .kt-row-column-wrap) > .wp-block-kadence-column{justify-content:center;}.kb-row-layout-id10_aa0328-00 > .kt-row-column-wrap{column-gap:var(--global-kb-gap-md, 2rem);row-gap:var(--global-kb-gap-md, 2rem);max-width:var( --global-content-width, 1290px );padding-left:var(--global-content-edge-padding);padding-right:var(--global-content-edge-padding);padding-top:198px;padding-right:24px;padding-bottom:125px;padding-left:24px;grid-template-columns:minmax(0, 1fr);}.kb-row-layout-id10_aa0328-00{background-color:#4375a7;}.kb-row-layout-id10_aa0328-00 > .kt-row-layout-overlay{opacity:0.60;background-color:#000000;}@media all and (max-width: 1024px){.kb-row-layout-id10_aa0328-00 > .kt-row-column-wrap{grid-template-columns:minmax(0, 1fr);}}@media all and (max-width: 767px){.kb-row-layout-id10_aa0328-00 > .kt-row-column-wrap{padding-top:0px;padding-bottom:0px;min-height:400px;grid-template-columns:minmax(0, 1fr);}}<\/style><div class=\"kb-row-layout-wrap kb-row-layout-id10_aa0328-00 alignnone kt-row-has-bg wp-block-kadence-rowlayout\"><div class=\"kt-row-layout-overlay kt-row-overlay-normal\"><\/div><div class=\"kt-row-column-wrap kt-has-1-columns kt-row-layout-equal kt-tab-layout-inherit kt-mobile-layout-row kt-row-valign-middle kb-theme-content-width\">\n<style>.kadence-column10_36dad7-7f > .kt-inside-inner-col{display:flex;}.kadence-column10_36dad7-7f > .kt-inside-inner-col,.kadence-column10_36dad7-7f > .kt-inside-inner-col:before{border-top-left-radius:0px;border-top-right-radius:0px;border-bottom-right-radius:0px;border-bottom-left-radius:0px;}.kadence-column10_36dad7-7f > .kt-inside-inner-col{column-gap:var(--global-kb-gap-sm, 1rem);}.kadence-column10_36dad7-7f > .kt-inside-inner-col{flex-direction:column;justify-content:center;align-items:center;}.kadence-column10_36dad7-7f > .kt-inside-inner-col > .kb-image-is-ratio-size{align-self:stretch;}.kadence-column10_36dad7-7f > .kt-inside-inner-col > .wp-block-kadence-advancedgallery{align-self:stretch;}.kadence-column10_36dad7-7f > .kt-inside-inner-col > .aligncenter{width:100%;}.kt-row-column-wrap > .kadence-column10_36dad7-7f{align-self:center;}.kt-inner-column-height-full:not(.kt-has-1-columns) > .wp-block-kadence-column.kadence-column10_36dad7-7f{align-self:auto;}.kt-inner-column-height-full:not(.kt-has-1-columns) > .wp-block-kadence-column.kadence-column10_36dad7-7f > .kt-inside-inner-col{flex-direction:column;justify-content:center;}.kadence-column10_36dad7-7f > .kt-inside-inner-col:before{opacity:0.3;}.kadence-column10_36dad7-7f{position:relative;}@media all and (max-width: 1024px){.kt-row-column-wrap > .kadence-column10_36dad7-7f{align-self:center;}}@media all and (max-width: 1024px){.kt-inner-column-height-full:not(.kt-has-1-columns) > .wp-block-kadence-column.kadence-column10_36dad7-7f{align-self:auto;}}@media all and (max-width: 1024px){.kt-inner-column-height-full:not(.kt-has-1-columns) > .wp-block-kadence-column.kadence-column10_36dad7-7f > .kt-inside-inner-col{flex-direction:column;justify-content:center;}}@media all and (max-width: 1024px){.kadence-column10_36dad7-7f > .kt-inside-inner-col{flex-direction:column;justify-content:center;align-items:center;}}@media all and (max-width: 767px){.kadence-column10_36dad7-7f > .kt-inside-inner-col{padding-top:0px;min-height:500px;flex-direction:column;justify-content:center;align-items:center;}.kt-row-column-wrap > .kadence-column10_36dad7-7f{align-self:center;}.kt-inner-column-height-full:not(.kt-has-1-columns) > .wp-block-kadence-column.kadence-column10_36dad7-7f{align-self:auto;}.kt-inner-column-height-full:not(.kt-has-1-columns) > .wp-block-kadence-column.kadence-column10_36dad7-7f > .kt-inside-inner-col{flex-direction:column;justify-content:center;}}<\/style>\n<div class=\"wp-block-kadence-column kadence-column10_36dad7-7f\"><div class=\"kt-inside-inner-col\">\n<h2 class=\"wp-block-heading alignwide has-text-align-center has-theme-palette-9-color has-text-color has-link-color has-larger-font-size wp-elements-1d5d37a155d7c5f1de4f2e69d519ac75\"><strong>Pol\u00edtica de privadesa<\/strong><\/h2>\n<\/div><\/div>\n\n<\/div><\/div>\n\n<style>.kb-row-layout-id10_691e32-7c > .kt-row-column-wrap{align-content:start;}:where(.kb-row-layout-id10_691e32-7c > .kt-row-column-wrap) > .wp-block-kadence-column{justify-content:start;}.kb-row-layout-id10_691e32-7c > .kt-row-column-wrap{column-gap:var(--global-kb-gap-md, 2rem);row-gap:var(--global-kb-gap-md, 2rem);max-width:var( --global-content-width, 1290px );padding-left:var(--global-content-edge-padding);padding-right:var(--global-content-edge-padding);padding-top:var(--global-kb-spacing-lg, 3rem);padding-bottom:var(--global-kb-spacing-xl, 4rem);grid-template-columns:minmax(0, 1fr);}.kb-row-layout-id10_691e32-7c > .kt-row-layout-overlay{opacity:0.30;}@media all and (max-width: 1024px){.kb-row-layout-id10_691e32-7c > .kt-row-column-wrap{grid-template-columns:minmax(0, 1fr);}}@media all and (max-width: 767px){.kb-row-layout-id10_691e32-7c > .kt-row-column-wrap{grid-template-columns:minmax(0, 1fr);}}<\/style><div class=\"kb-row-layout-wrap kb-row-layout-id10_691e32-7c alignnone wp-block-kadence-rowlayout\"><div class=\"kt-row-column-wrap kt-has-1-columns kt-row-layout-equal kt-tab-layout-inherit kt-mobile-layout-row kt-row-valign-top kb-theme-content-width\">\n<style>.kadence-column10_afdbab-06 > .kt-inside-inner-col,.kadence-column10_afdbab-06 > .kt-inside-inner-col:before{border-top-left-radius:0px;border-top-right-radius:0px;border-bottom-right-radius:0px;border-bottom-left-radius:0px;}.kadence-column10_afdbab-06 > .kt-inside-inner-col{column-gap:var(--global-kb-gap-sm, 1rem);}.kadence-column10_afdbab-06 > .kt-inside-inner-col{flex-direction:column;}.kadence-column10_afdbab-06 > .kt-inside-inner-col > .aligncenter{width:100%;}.kadence-column10_afdbab-06 > .kt-inside-inner-col:before{opacity:0.3;}.kadence-column10_afdbab-06{position:relative;}@media all and (max-width: 1024px){.kadence-column10_afdbab-06 > .kt-inside-inner-col{flex-direction:column;justify-content:center;}}@media all and (max-width: 767px){.kadence-column10_afdbab-06 > .kt-inside-inner-col{flex-direction:column;justify-content:center;}}<\/style>\n<div class=\"wp-block-kadence-column kadence-column10_afdbab-06\"><div class=\"kt-inside-inner-col\">\n<h2 class=\"wp-block-heading\">1.- Informaci\u00f3 a l&#039;usuari<\/h2>\n\n\n\n<p>El lloc web informa els usuaris del lloc web sobre la seva pol\u00edtica respecte al tractament i la protecci\u00f3 de les dades de car\u00e0cter personal dels usuaris i clients que puguin ser sol\u00b7licitats per la navegaci\u00f3 a trav\u00e9s del seu lloc web.<\/p>\n\n\n\n<p>El lloc web \u00e9s el Responsable del tractament de les dades personals de l&#039;usuari, per la qual cosa se us facilita la seg\u00fcent informaci\u00f3 referent al tractament de les vostres dades:<\/p>\n\n\n\n<p><strong>Criteris de conservaci\u00f3 de les dades<\/strong>&nbsp;: Les dades personals proporcionades es conservaran fins que no se sol\u00b7liciti la suspensi\u00f3 per part de l&#039;interessat, exercint els seus drets sobre les dades, i en qualsevol cas en compliment de terminis legals de prescripci\u00f3 que li siguin aplicables.<\/p>\n\n\n\n<p><strong>Drets dels interessats<\/strong>&nbsp;:<\/p>\n\n\n\n<ul class=\"wp-block-list\">\n<li>Dret a retirar-ne el consentiment en qualsevol moment.<\/li>\n\n\n\n<li>Dret d&#039;acc\u00e9s, rectificaci\u00f3, supressi\u00f3, portabilitat de les vostres dades ia la limitaci\u00f3 o oposici\u00f3 del vostre tractament, aix\u00ed com no ser objecte de decisions individuals automatitzades.<\/li>\n<\/ul>\n\n\n\n<p><strong>Dades de contacte per exercir els vostres drets<\/strong>&nbsp;:<\/p>\n\n\n\n<p>Cal identificar degudament i sol\u00b7licitar clarament el dret dexercir.<\/p>\n\n\n\n<ul class=\"wp-block-list\">\n<li>Web: momentumsolutionbusiness.com<\/li>\n\n\n\n<li>Nom: HERN\u00c1N GABRIEL MACIAS RODR\u00cdGUEZ<\/li>\n\n\n\n<li>CIF: Y2025199V<\/li>\n\n\n\n<li>Adre\u00e7a: Ronda General Mitre 11, 5-3 08017 \u2013 Barcelona (Barcelona)<\/li>\n\n\n\n<li>Tel\u00e8fon: 689726070<\/li>\n\n\n\n<li>Mail: maciashernan@gmail.com<\/li>\n<\/ul>\n\n\n\n<h2 class=\"wp-block-heading\">2.- Informaci\u00f3 facilitada per l&#039;usuari<\/h2>\n\n\n\n<p>Si \u00e9s menor de 18 anys no es permet l&#039;\u00fas de formularis a la nostra web.<\/p>\n\n\n\n<p>Els Usuaris, introduint les seves dades als formularis de contacte o presentats en formularis de desc\u00e0rrega, accepten expressament i de forma lliure i inequ\u00edvoca, que les seves dades s\u00f3n necess\u00e0ries per atendre la seva petici\u00f3, per part del Responsable, sent volunt\u00e0ria la inclusi\u00f3 de dades als camps restants.<\/p>\n\n\n\n<p>L&#039;Usuari garanteix que les dades personals facilitades s\u00f3n veraces i es fa responsable de comunicar qualsevol modificaci\u00f3.<\/p>\n\n\n\n<p>Totes les dades sol\u00b7licitades a trav\u00e9s del lloc web s\u00f3n necess\u00e0ries per prestar un servei \u00f2ptim a l&#039;Usuari. En cas que no siguin facilitades totes les dades, no es garanteix que la informaci\u00f3 i els serveis que El Responsable li faciliti, siguin completament ajustats a les seves necessitats.<\/p>\n\n\n\n<h2 class=\"wp-block-heading\">3.- Mesures de seguretat<\/h2>\n\n\n\n<p>Que de conformitat amb el que disposen les normatives vigents en mat\u00e8ria de protecci\u00f3 de dades personals, El Responsable est\u00e0 complint totes les disposicions de les normatives RGPD i LOPD per al tractament de les dades personals de la seva responsabilitat, les quals s\u00f3n tractades de forma l\u00edcita , lleial i transparent en relaci\u00f3 amb linteressat i adequats, pertinents i limitats al necessari en relaci\u00f3 amb els fins per als quals s\u00f3n tractats.<\/p>\n\n\n\n<p>El Responsable garanteix que ha implementat pol\u00edtiques t\u00e8cniques i organitzatives apropiades per aplicar les mesures de seguretat que estableixen el RGPD i la LOPD per protegir els drets i les llibertats dels Usuaris i els ha comunicat la informaci\u00f3 adequada perqu\u00e8 puguin exercir-los.<\/p>\n\n\n\n<h2 class=\"wp-block-heading\">4.- Bretxes de seguretat<\/h2>\n\n\n\n<p>El Responsable informar\u00e0 sobre qualsevol bretxa de seguretat que afecti la base de dades que utilitza aquest lloc web, o que afecti qualsevol dels nostres serveis de tercers, totes i cadascuna de les persones, dades de qu\u00e8 puguin haver estat afectats, i autoritats, dins de les 72 hores seg\u00fcents a la detecci\u00f3 de la bretxa.<\/p>\n\n\n\n<h2 class=\"wp-block-heading\">Legislaci\u00f3 aplicable i jurisdicci\u00f3<\/h2>\n\n\n\n<p>Per a la resoluci\u00f3 de totes les controv\u00e8rsies o q\u00fcestions relacionades amb aquest lloc web o de les activitats que es desenvolupin, ser\u00e0 aplicable la legislaci\u00f3 espanyola, a la qual se sotmeten expressament les parts, sent competents per a la resoluci\u00f3 de tots els conflictes derivats o relacionats amb l&#039;\u00fas dels Jutjats i Tribun<\/p>\n<\/div><\/div>\n\n<\/div><\/div>","protected":false},"excerpt":{"rendered":"<p>Pol\u00edtica de privadesa 1.- Informaci\u00f3 a l&#039;usuari El lloc web informa els usuaris del lloc web sobre la seva pol\u00edtica respecte al tractament i protecci\u00f3 de les dades de car\u00e0cter personal dels usuaris i clients que puguin ser sol\u00b7licitats per la navegaci\u00f3 a trav\u00e9s del seu lloc web. El lloc web \u00e9s el Responsable\u2026<\/p>","protected":false},"author":1,"featured_media":0,"parent":0,"menu_order":18,"comment_status":"closed","ping_status":"closed","template":"","meta":{"give_campaign_id":0,"_kad_blocks_custom_css":"","_kad_blocks_head_custom_js":"","_kad_blocks_body_custom_js":"","_kad_blocks_footer_custom_js":"","_kadence_starter_templates_imported_post":false,"_kad_post_transparent":"","_kad_post_title":"hide","_kad_post_layout":"fullwidth","_kad_post_sidebar_id":"","_kad_post_content_style":"unboxed","_kad_post_vertical_padding":"hide","_kad_post_feature":"hide","_kad_post_feature_position":"","_kad_post_header":false,"_kad_post_footer":false,"_kad_post_classname":"","footnotes":""},"class_list":["post-10","page","type-page","status-publish","hentry"],"yoast_head":"<!-- This site is optimized with the Yoast SEO plugin v26.7 - https:\/\/yoast.com\/wordpress\/plugins\/seo\/ -->\n<title>Pol\u00edtica de privacidad - Momentum Solution Business<\/title>\n<meta name=\"robots\" content=\"index, follow, max-snippet:-1, max-image-preview:large, max-video-preview:-1\" \/>\n<link rel=\"canonical\" href=\"https:\/\/momentumsolutionbusiness.com\/ca\/politica-de-privacidad\/\" \/>\n<meta property=\"og:locale\" content=\"ca_ES\" \/>\n<meta property=\"og:type\" content=\"article\" \/>\n<meta property=\"og:title\" content=\"Pol\u00edtica de privacidad - Momentum Solution Business\" \/>\n<meta property=\"og:description\" content=\"Pol\u00edtica de privacidad 1.- Informaci\u00f3n al usuario El sitio web informa a los usuarios del sitio web sobre su pol\u00edtica respecto al tratamiento y protecci\u00f3n de los datos de car\u00e1cter personal de los usuarios y clientes que puedan ser solicitados por la navegaci\u00f3n a trav\u00e9s de su sitio web. El sitio web es el Responsable...\" \/>\n<meta property=\"og:url\" content=\"https:\/\/momentumsolutionbusiness.com\/ca\/politica-de-privacidad\/\" \/>\n<meta property=\"og:site_name\" content=\"Momentum Solution Business\" \/>\n<meta property=\"article:modified_time\" content=\"2024-12-13T11:11:58+00:00\" \/>\n<meta name=\"twitter:card\" content=\"summary_large_image\" \/>\n<meta name=\"twitter:label1\" content=\"Est. reading time\" \/>\n\t<meta name=\"twitter:data1\" content=\"3 minutes\" \/>\n<script type=\"application\/ld+json\" class=\"yoast-schema-graph\">{\"@context\":\"https:\/\/schema.org\",\"@graph\":[{\"@type\":\"WebPage\",\"@id\":\"https:\/\/momentumsolutionbusiness.com\/politica-de-privacidad\/\",\"url\":\"https:\/\/momentumsolutionbusiness.com\/politica-de-privacidad\/\",\"name\":\"Pol\u00edtica de privacidad - Momentum Solution Business\",\"isPartOf\":{\"@id\":\"https:\/\/momentumsolutionbusiness.com\/#website\"},\"datePublished\":\"2023-12-14T17:01:00+00:00\",\"dateModified\":\"2024-12-13T11:11:58+00:00\",\"breadcrumb\":{\"@id\":\"https:\/\/momentumsolutionbusiness.com\/politica-de-privacidad\/#breadcrumb\"},\"inLanguage\":\"ca\",\"potentialAction\":[{\"@type\":\"ReadAction\",\"target\":[\"https:\/\/momentumsolutionbusiness.com\/politica-de-privacidad\/\"]}]},{\"@type\":\"BreadcrumbList\",\"@id\":\"https:\/\/momentumsolutionbusiness.com\/politica-de-privacidad\/#breadcrumb\",\"itemListElement\":[{\"@type\":\"ListItem\",\"position\":1,\"name\":\"Portada\",\"item\":\"https:\/\/momentumsolutionbusiness.com\/\"},{\"@type\":\"ListItem\",\"position\":2,\"name\":\"Pol\u00edtica de privacidad\"}]},{\"@type\":\"WebSite\",\"@id\":\"https:\/\/momentumsolutionbusiness.com\/#website\",\"url\":\"https:\/\/momentumsolutionbusiness.com\/\",\"name\":\"Momentum Solution Business\",\"description\":\"Dise\u00f1o gr\u00e1fico y comunicaci\u00f3n en Barcelona\",\"publisher\":{\"@id\":\"https:\/\/momentumsolutionbusiness.com\/#organization\"},\"potentialAction\":[{\"@type\":\"SearchAction\",\"target\":{\"@type\":\"EntryPoint\",\"urlTemplate\":\"https:\/\/momentumsolutionbusiness.com\/?s={search_term_string}\"},\"query-input\":{\"@type\":\"PropertyValueSpecification\",\"valueRequired\":true,\"valueName\":\"search_term_string\"}}],\"inLanguage\":\"ca\"},{\"@type\":\"Organization\",\"@id\":\"https:\/\/momentumsolutionbusiness.com\/#organization\",\"name\":\"Momentum Solution Business\",\"url\":\"https:\/\/momentumsolutionbusiness.com\/\",\"logo\":{\"@type\":\"ImageObject\",\"inLanguage\":\"ca\",\"@id\":\"https:\/\/momentumsolutionbusiness.com\/#\/schema\/logo\/image\/\",\"url\":\"https:\/\/momentumsolutionbusiness.com\/wp-content\/uploads\/2025\/01\/cropped-cropped-cropped-momentum-logo-06-1-1.png\",\"contentUrl\":\"https:\/\/momentumsolutionbusiness.com\/wp-content\/uploads\/2025\/01\/cropped-cropped-cropped-momentum-logo-06-1-1.png\",\"width\":2249,\"height\":786,\"caption\":\"Momentum Solution Business\"},\"image\":{\"@id\":\"https:\/\/momentumsolutionbusiness.com\/#\/schema\/logo\/image\/\"}}]}<\/script>\n<!-- \/ Yoast SEO plugin. -->","yoast_head_json":{"title":"Pol\u00edtica de privadesa - Momentum Solution Business","robots":{"index":"index","follow":"follow","max-snippet":"max-snippet:-1","max-image-preview":"max-image-preview:large","max-video-preview":"max-video-preview:-1"},"canonical":"https:\/\/momentumsolutionbusiness.com\/ca\/politica-de-privacidad\/","og_locale":"ca_ES","og_type":"article","og_title":"Pol\u00edtica de privacidad - Momentum Solution Business","og_description":"Pol\u00edtica de privacidad 1.- Informaci\u00f3n al usuario El sitio web informa a los usuarios del sitio web sobre su pol\u00edtica respecto al tratamiento y protecci\u00f3n de los datos de car\u00e1cter personal de los usuarios y clientes que puedan ser solicitados por la navegaci\u00f3n a trav\u00e9s de su sitio web. El sitio web es el Responsable...","og_url":"https:\/\/momentumsolutionbusiness.com\/ca\/politica-de-privacidad\/","og_site_name":"Momentum Solution Business","article_modified_time":"2024-12-13T11:11:58+00:00","twitter_card":"summary_large_image","twitter_misc":{"Est. reading time":"3 minutes"},"schema":{"@context":"https:\/\/schema.org","@graph":[{"@type":"WebPage","@id":"https:\/\/momentumsolutionbusiness.com\/politica-de-privacidad\/","url":"https:\/\/momentumsolutionbusiness.com\/politica-de-privacidad\/","name":"Pol\u00edtica de privadesa - Momentum Solution Business","isPartOf":{"@id":"https:\/\/momentumsolutionbusiness.com\/#website"},"datePublished":"2023-12-14T17:01:00+00:00","dateModified":"2024-12-13T11:11:58+00:00","breadcrumb":{"@id":"https:\/\/momentumsolutionbusiness.com\/politica-de-privacidad\/#breadcrumb"},"inLanguage":"ca","potentialAction":[{"@type":"ReadAction","target":["https:\/\/momentumsolutionbusiness.com\/politica-de-privacidad\/"]}]},{"@type":"BreadcrumbList","@id":"https:\/\/momentumsolutionbusiness.com\/politica-de-privacidad\/#breadcrumb","itemListElement":[{"@type":"ListItem","position":1,"name":"Portada","item":"https:\/\/momentumsolutionbusiness.com\/"},{"@type":"ListItem","position":2,"name":"Pol\u00edtica de privacidad"}]},{"@type":"WebSite","@id":"https:\/\/momentumsolutionbusiness.com\/#website","url":"https:\/\/momentumsolutionbusiness.com\/","name":"Momentum Solution Business","description":"Disseny gr\u00e0fic i comunicaci\u00f3 a Barcelona","publisher":{"@id":"https:\/\/momentumsolutionbusiness.com\/#organization"},"potentialAction":[{"@type":"SearchAction","target":{"@type":"EntryPoint","urlTemplate":"https:\/\/momentumsolutionbusiness.com\/?s={search_term_string}"},"query-input":{"@type":"PropertyValueSpecification","valueRequired":true,"valueName":"search_term_string"}}],"inLanguage":"ca"},{"@type":"Organization","@id":"https:\/\/momentumsolutionbusiness.com\/#organization","name":"Momentum Solution Business","url":"https:\/\/momentumsolutionbusiness.com\/","logo":{"@type":"ImageObject","inLanguage":"ca","@id":"https:\/\/momentumsolutionbusiness.com\/#\/schema\/logo\/image\/","url":"https:\/\/momentumsolutionbusiness.com\/wp-content\/uploads\/2025\/01\/cropped-cropped-cropped-momentum-logo-06-1-1.png","contentUrl":"https:\/\/momentumsolutionbusiness.com\/wp-content\/uploads\/2025\/01\/cropped-cropped-cropped-momentum-logo-06-1-1.png","width":2249,"height":786,"caption":"Momentum Solution Business"},"image":{"@id":"https:\/\/momentumsolutionbusiness.com\/#\/schema\/logo\/image\/"}}]}},"campaignId":"","taxonomy_info":[],"featured_image_src_large":false,"author_info":{"display_name":"eloi","author_link":"https:\/\/momentumsolutionbusiness.com\/ca\/author\/eloi\/"},"comment_info":0,"_links":{"self":[{"href":"https:\/\/momentumsolutionbusiness.com\/ca\/wp-json\/wp\/v2\/pages\/10","targetHints":{"allow":["GET"]}}],"collection":[{"href":"https:\/\/momentumsolutionbusiness.com\/ca\/wp-json\/wp\/v2\/pages"}],"about":[{"href":"https:\/\/momentumsolutionbusiness.com\/ca\/wp-json\/wp\/v2\/types\/page"}],"author":[{"embeddable":true,"href":"https:\/\/momentumsolutionbusiness.com\/ca\/wp-json\/wp\/v2\/users\/1"}],"replies":[{"embeddable":true,"href":"https:\/\/momentumsolutionbusiness.com\/ca\/wp-json\/wp\/v2\/comments?post=10"}],"version-history":[{"count":6,"href":"https:\/\/momentumsolutionbusiness.com\/ca\/wp-json\/wp\/v2\/pages\/10\/revisions"}],"predecessor-version":[{"id":4886,"href":"https:\/\/momentumsolutionbusiness.com\/ca\/wp-json\/wp\/v2\/pages\/10\/revisions\/4886"}],"wp:attachment":[{"href":"https:\/\/momentumsolutionbusiness.com\/ca\/wp-json\/wp\/v2\/media?parent=10"}],"curies":[{"name":"wp","href":"https:\/\/api.w.org\/{rel}","templated":true}]}}