{"id":13,"date":"2023-12-14T17:02:47","date_gmt":"2023-12-14T17:02:47","guid":{"rendered":"https:\/\/momentumsolutionbusiness.com\/?page_id=13"},"modified":"2024-12-09T09:41:51","modified_gmt":"2024-12-09T08:41:51","slug":"mapa-web","status":"publish","type":"page","link":"https:\/\/momentumsolutionbusiness.com\/ca\/mapa-web\/","title":{"rendered":"Mapa web"},"content":{"rendered":"<style>.kb-row-layout-id13_2934b8-77 > .kt-row-column-wrap{align-content:center;}:where(.kb-row-layout-id13_2934b8-77 > .kt-row-column-wrap) > .wp-block-kadence-column{justify-content:center;}.kb-row-layout-id13_2934b8-77 > .kt-row-column-wrap{column-gap:var(--global-kb-gap-md, 2rem);row-gap:var(--global-kb-gap-md, 2rem);max-width:var( --global-content-width, 1290px );padding-left:var(--global-content-edge-padding);padding-right:var(--global-content-edge-padding);padding-top:198px;padding-right:24px;padding-bottom:125px;padding-left:24px;grid-template-columns:minmax(0, 1fr);}.kb-row-layout-id13_2934b8-77{background-color:#4375a7;}.kb-row-layout-id13_2934b8-77 > .kt-row-layout-overlay{opacity:0.60;background-color:#000000;}@media all and (max-width: 1024px){.kb-row-layout-id13_2934b8-77 > .kt-row-column-wrap{grid-template-columns:minmax(0, 1fr);}}@media all and (max-width: 767px){.kb-row-layout-id13_2934b8-77 > .kt-row-column-wrap{padding-top:0px;padding-bottom:0px;min-height:400px;grid-template-columns:minmax(0, 1fr);}}<\/style><div class=\"kb-row-layout-wrap kb-row-layout-id13_2934b8-77 alignnone kt-row-has-bg wp-block-kadence-rowlayout\"><div class=\"kt-row-layout-overlay kt-row-overlay-normal\"><\/div><div class=\"kt-row-column-wrap kt-has-1-columns kt-row-layout-equal kt-tab-layout-inherit kt-mobile-layout-row kt-row-valign-middle kb-theme-content-width\">\n<style>.kadence-column13_b8b2d8-24 > .kt-inside-inner-col{display:flex;}.kadence-column13_b8b2d8-24 > .kt-inside-inner-col,.kadence-column13_b8b2d8-24 > .kt-inside-inner-col:before{border-top-left-radius:0px;border-top-right-radius:0px;border-bottom-right-radius:0px;border-bottom-left-radius:0px;}.kadence-column13_b8b2d8-24 > .kt-inside-inner-col{column-gap:var(--global-kb-gap-sm, 1rem);}.kadence-column13_b8b2d8-24 > .kt-inside-inner-col{flex-direction:column;justify-content:center;}.kadence-column13_b8b2d8-24 > .kt-inside-inner-col > .aligncenter{width:100%;}.kt-row-column-wrap > .kadence-column13_b8b2d8-24{align-self:center;}.kt-inner-column-height-full:not(.kt-has-1-columns) > .wp-block-kadence-column.kadence-column13_b8b2d8-24{align-self:auto;}.kt-inner-column-height-full:not(.kt-has-1-columns) > .wp-block-kadence-column.kadence-column13_b8b2d8-24 > .kt-inside-inner-col{flex-direction:column;justify-content:center;}.kadence-column13_b8b2d8-24 > .kt-inside-inner-col:before{opacity:0.3;}.kadence-column13_b8b2d8-24{position:relative;}@media all and (max-width: 1024px){.kt-row-column-wrap > .kadence-column13_b8b2d8-24{align-self:center;}}@media all and (max-width: 1024px){.kt-inner-column-height-full:not(.kt-has-1-columns) > .wp-block-kadence-column.kadence-column13_b8b2d8-24{align-self:auto;}}@media all and (max-width: 1024px){.kt-inner-column-height-full:not(.kt-has-1-columns) > .wp-block-kadence-column.kadence-column13_b8b2d8-24 > .kt-inside-inner-col{flex-direction:column;justify-content:center;}}@media all and (max-width: 1024px){.kadence-column13_b8b2d8-24 > .kt-inside-inner-col{flex-direction:column;justify-content:center;}}@media all and (max-width: 767px){.kadence-column13_b8b2d8-24 > .kt-inside-inner-col{padding-top:0px;min-height:500px;flex-direction:column;justify-content:center;align-items:center;}.kt-row-column-wrap > .kadence-column13_b8b2d8-24{align-self:center;}.kt-inner-column-height-full:not(.kt-has-1-columns) > .wp-block-kadence-column.kadence-column13_b8b2d8-24{align-self:auto;}.kt-inner-column-height-full:not(.kt-has-1-columns) > .wp-block-kadence-column.kadence-column13_b8b2d8-24 > .kt-inside-inner-col{flex-direction:column;justify-content:center;}}<\/style>\n<div class=\"wp-block-kadence-column kadence-column13_b8b2d8-24\"><div class=\"kt-inside-inner-col\">\n<h2 class=\"wp-block-heading alignwide has-text-align-center has-theme-palette-9-color has-text-color has-link-color has-larger-font-size wp-elements-47af3c027078273e4e3f3884159a630a\"><strong>Mapa web<\/strong><\/h2>\n<\/div><\/div>\n\n<\/div><\/div>\n\n<style>.kb-row-layout-id13_69ceee-e7 > .kt-row-column-wrap{align-content:start;}:where(.kb-row-layout-id13_69ceee-e7 > .kt-row-column-wrap) > .wp-block-kadence-column{justify-content:start;}.kb-row-layout-id13_69ceee-e7 > .kt-row-column-wrap{column-gap:var(--global-kb-gap-lg, 4rem);row-gap:var(--global-kb-gap-md, 2rem);max-width:var( --global-content-width, 1290px );padding-left:var(--global-content-edge-padding);padding-right:var(--global-content-edge-padding);padding-top:0px;padding-bottom:var(--global-kb-spacing-lg, 3rem);grid-template-columns:minmax(0, 1fr);}.kb-row-layout-id13_69ceee-e7 > .kt-row-layout-overlay{opacity:0.30;}@media all and (max-width: 1024px){.kb-row-layout-id13_69ceee-e7 > .kt-row-column-wrap{grid-template-columns:minmax(0, 1fr);}}@media all and (max-width: 767px){.kb-row-layout-id13_69ceee-e7 > .kt-row-column-wrap{grid-template-columns:minmax(0, 1fr);}.kb-row-layout-id13_69ceee-e7 > .kt-row-column-wrap > .wp-block-kadence-column:nth-child(1 of *:not(style)){order:1;}.kb-row-layout-id13_69ceee-e7 > .kt-row-column-wrap > .wp-block-kadence-column:nth-child(2 of *:not(style)){order:11;}.kb-row-layout-id13_69ceee-e7 > .kt-row-column-wrap > .wp-block-kadence-column:nth-child(3 of *:not(style)){order:21;}.kb-row-layout-id13_69ceee-e7 > .kt-row-column-wrap > .wp-block-kadence-column:nth-child(4 of *:not(style)){order:31;}}<\/style><div class=\"kb-row-layout-wrap kb-row-layout-id13_69ceee-e7 alignnone wp-block-kadence-rowlayout\"><div class=\"kt-row-column-wrap kt-has-1-columns kt-row-layout-equal kt-tab-layout-inherit kt-mobile-layout-row kt-row-valign-top kb-theme-content-width\">\n<style>.kadence-column13_84e203-d5 > .kt-inside-inner-col,.kadence-column13_84e203-d5 > .kt-inside-inner-col:before{border-top-left-radius:0px;border-top-right-radius:0px;border-bottom-right-radius:0px;border-bottom-left-radius:0px;}.kadence-column13_84e203-d5 > .kt-inside-inner-col{column-gap:var(--global-kb-gap-sm, 1rem);}.kadence-column13_84e203-d5 > .kt-inside-inner-col{flex-direction:column;}.kadence-column13_84e203-d5 > .kt-inside-inner-col > .aligncenter{width:100%;}.kadence-column13_84e203-d5 > .kt-inside-inner-col:before{opacity:0.3;}.kadence-column13_84e203-d5{position:relative;}@media all and (max-width: 1024px){.kadence-column13_84e203-d5 > .kt-inside-inner-col{flex-direction:column;justify-content:center;}}@media all and (max-width: 767px){.kadence-column13_84e203-d5 > .kt-inside-inner-col{flex-direction:column;justify-content:center;}}<\/style>\n<div class=\"wp-block-kadence-column kadence-column13_84e203-d5\"><div class=\"kt-inside-inner-col\">\n<h2 class=\"wp-block-heading\"><\/h2>\n\n\n<ul class=\"wp-block-page-list\"><li class=\"wp-block-pages-list__item\"><a class=\"wp-block-pages-list__item__link\" href=\"https:\/\/momentumsolutionbusiness.com\/ca\/5194-2\/\">(no title)<\/a><\/li><li class=\"wp-block-pages-list__item\"><a class=\"wp-block-pages-list__item__link\" href=\"https:\/\/momentumsolutionbusiness.com\/ca\/gestion-financiera\/\">Gesti\u00f3 financera<\/a><\/li><li class=\"wp-block-pages-list__item\"><a class=\"wp-block-pages-list__item__link\" href=\"https:\/\/momentumsolutionbusiness.com\/ca\/gestion-de-redes-sociales\/\">Gesti\u00f3 de xarxes socials<\/a><\/li><li class=\"wp-block-pages-list__item\"><a class=\"wp-block-pages-list__item__link\" href=\"https:\/\/momentumsolutionbusiness.com\/ca\/consultoria-de-marketing\/\">Consultoria de m\u00e0rqueting<\/a><\/li><li class=\"wp-block-pages-list__item\"><a class=\"wp-block-pages-list__item__link\" href=\"https:\/\/momentumsolutionbusiness.com\/ca\/posicionamiento-seo\/\">Posicionament SEO<\/a><\/li><li class=\"wp-block-pages-list__item\"><a class=\"wp-block-pages-list__item__link\" href=\"https:\/\/momentumsolutionbusiness.com\/ca\/desarrollo-web\/\">Desenvolupament web<\/a><\/li><li class=\"wp-block-pages-list__item\"><a class=\"wp-block-pages-list__item__link\" href=\"https:\/\/momentumsolutionbusiness.com\/ca\/planificacion-estrategica\/\">Planificaci\u00f3 estrat\u00e8gica<\/a><\/li><li class=\"wp-block-pages-list__item menu-item-home\"><a class=\"wp-block-pages-list__item__link\" href=\"https:\/\/momentumsolutionbusiness.com\/ca\/\">Home<\/a><\/li><li class=\"wp-block-pages-list__item\"><a class=\"wp-block-pages-list__item__link\" href=\"https:\/\/momentumsolutionbusiness.com\/ca\/talleres\/\">Tallers<\/a><\/li><li class=\"wp-block-pages-list__item\"><a class=\"wp-block-pages-list__item__link\" href=\"https:\/\/momentumsolutionbusiness.com\/ca\/servicios\/\">Digitalitzaci\u00f3 i emprenedoria\u00a0<\/a><\/li><li class=\"wp-block-pages-list__item\"><a class=\"wp-block-pages-list__item__link\" href=\"https:\/\/momentumsolutionbusiness.com\/ca\/nosotros\/\">Equip<\/a><\/li><li class=\"wp-block-pages-list__item\"><a class=\"wp-block-pages-list__item__link\" href=\"https:\/\/momentumsolutionbusiness.com\/ca\/faq\/\">FAQ<\/a><\/li><li class=\"wp-block-pages-list__item\"><a class=\"wp-block-pages-list__item__link\" href=\"https:\/\/momentumsolutionbusiness.com\/ca\/blog\/\">Blog<\/a><\/li><li class=\"wp-block-pages-list__item\"><a class=\"wp-block-pages-list__item__link\" href=\"https:\/\/momentumsolutionbusiness.com\/ca\/contacto\/\">Contacte<\/a><\/li><li class=\"wp-block-pages-list__item\"><a class=\"wp-block-pages-list__item__link\" href=\"https:\/\/momentumsolutionbusiness.com\/ca\/politica-de-cookies\/\">Pol\u00edtica de cookies<\/a><\/li><li class=\"wp-block-pages-list__item\"><a class=\"wp-block-pages-list__item__link\" href=\"https:\/\/momentumsolutionbusiness.com\/ca\/aviso-legal\/\">Av\u00eds legal<\/a><\/li><li class=\"wp-block-pages-list__item\"><a class=\"wp-block-pages-list__item__link\" href=\"https:\/\/momentumsolutionbusiness.com\/ca\/politica-de-privacidad\/\">Pol\u00edtica de privadesa<\/a><\/li><li class=\"wp-block-pages-list__item\"><a class=\"wp-block-pages-list__item__link\" href=\"https:\/\/momentumsolutionbusiness.com\/ca\/declaracion-de-accesibilidad\/\">Declaraci\u00f3 d&#039;accessibilitat<\/a><\/li><li class=\"wp-block-pages-list__item\"><a class=\"wp-block-pages-list__item__link\" href=\"https:\/\/momentumsolutionbusiness.com\/ca\/guia-de-estilo\/\">Guia d&#039;estil<\/a><\/li><li class=\"wp-block-pages-list__item\"><a class=\"wp-block-pages-list__item__link\" href=\"https:\/\/momentumsolutionbusiness.com\/ca\/mapa-web\/\">Mapa web<\/a><\/li><\/ul><\/div><\/div>\n\n<\/div><\/div>","protected":false},"excerpt":{"rendered":"<p>Mapa web<\/p>","protected":false},"author":1,"featured_media":0,"parent":0,"menu_order":21,"comment_status":"closed","ping_status":"closed","template":"","meta":{"give_campaign_id":0,"_kad_blocks_custom_css":"","_kad_blocks_head_custom_js":"","_kad_blocks_body_custom_js":"","_kad_blocks_footer_custom_js":"","_kadence_starter_templates_imported_post":false,"_kad_post_transparent":"","_kad_post_title":"hide","_kad_post_layout":"fullwidth","_kad_post_sidebar_id":"","_kad_post_content_style":"unboxed","_kad_post_vertical_padding":"hide","_kad_post_feature":"hide","_kad_post_feature_position":"","_kad_post_header":false,"_kad_post_footer":false,"_kad_post_classname":"","footnotes":""},"class_list":["post-13","page","type-page","status-publish","hentry"],"yoast_head":"<!-- This site is optimized with the Yoast SEO plugin v26.7 - https:\/\/yoast.com\/wordpress\/plugins\/seo\/ -->\n<title>Mapa web - Momentum Solution Business<\/title>\n<meta name=\"robots\" content=\"index, follow, max-snippet:-1, max-image-preview:large, max-video-preview:-1\" \/>\n<link rel=\"canonical\" href=\"https:\/\/momentumsolutionbusiness.com\/ca\/mapa-web\/\" \/>\n<meta property=\"og:locale\" content=\"ca_ES\" \/>\n<meta property=\"og:type\" content=\"article\" \/>\n<meta property=\"og:title\" content=\"Mapa web - Momentum Solution Business\" \/>\n<meta property=\"og:description\" content=\"Mapa web\" \/>\n<meta property=\"og:url\" content=\"https:\/\/momentumsolutionbusiness.com\/ca\/mapa-web\/\" \/>\n<meta property=\"og:site_name\" content=\"Momentum Solution Business\" \/>\n<meta property=\"article:modified_time\" content=\"2024-12-09T08:41:51+00:00\" \/>\n<meta name=\"twitter:card\" content=\"summary_large_image\" \/>\n<script type=\"application\/ld+json\" class=\"yoast-schema-graph\">{\"@context\":\"https:\/\/schema.org\",\"@graph\":[{\"@type\":\"WebPage\",\"@id\":\"https:\/\/momentumsolutionbusiness.com\/mapa-web\/\",\"url\":\"https:\/\/momentumsolutionbusiness.com\/mapa-web\/\",\"name\":\"Mapa web - Momentum Solution Business\",\"isPartOf\":{\"@id\":\"https:\/\/momentumsolutionbusiness.com\/#website\"},\"datePublished\":\"2023-12-14T17:02:47+00:00\",\"dateModified\":\"2024-12-09T08:41:51+00:00\",\"breadcrumb\":{\"@id\":\"https:\/\/momentumsolutionbusiness.com\/mapa-web\/#breadcrumb\"},\"inLanguage\":\"ca\",\"potentialAction\":[{\"@type\":\"ReadAction\",\"target\":[\"https:\/\/momentumsolutionbusiness.com\/mapa-web\/\"]}]},{\"@type\":\"BreadcrumbList\",\"@id\":\"https:\/\/momentumsolutionbusiness.com\/mapa-web\/#breadcrumb\",\"itemListElement\":[{\"@type\":\"ListItem\",\"position\":1,\"name\":\"Portada\",\"item\":\"https:\/\/momentumsolutionbusiness.com\/\"},{\"@type\":\"ListItem\",\"position\":2,\"name\":\"Mapa web\"}]},{\"@type\":\"WebSite\",\"@id\":\"https:\/\/momentumsolutionbusiness.com\/#website\",\"url\":\"https:\/\/momentumsolutionbusiness.com\/\",\"name\":\"Momentum Solution Business\",\"description\":\"Dise\u00f1o gr\u00e1fico y comunicaci\u00f3n en Barcelona\",\"publisher\":{\"@id\":\"https:\/\/momentumsolutionbusiness.com\/#organization\"},\"potentialAction\":[{\"@type\":\"SearchAction\",\"target\":{\"@type\":\"EntryPoint\",\"urlTemplate\":\"https:\/\/momentumsolutionbusiness.com\/?s={search_term_string}\"},\"query-input\":{\"@type\":\"PropertyValueSpecification\",\"valueRequired\":true,\"valueName\":\"search_term_string\"}}],\"inLanguage\":\"ca\"},{\"@type\":\"Organization\",\"@id\":\"https:\/\/momentumsolutionbusiness.com\/#organization\",\"name\":\"Momentum Solution Business\",\"url\":\"https:\/\/momentumsolutionbusiness.com\/\",\"logo\":{\"@type\":\"ImageObject\",\"inLanguage\":\"ca\",\"@id\":\"https:\/\/momentumsolutionbusiness.com\/#\/schema\/logo\/image\/\",\"url\":\"https:\/\/momentumsolutionbusiness.com\/wp-content\/uploads\/2025\/01\/cropped-cropped-cropped-momentum-logo-06-1-1.png\",\"contentUrl\":\"https:\/\/momentumsolutionbusiness.com\/wp-content\/uploads\/2025\/01\/cropped-cropped-cropped-momentum-logo-06-1-1.png\",\"width\":2249,\"height\":786,\"caption\":\"Momentum Solution Business\"},\"image\":{\"@id\":\"https:\/\/momentumsolutionbusiness.com\/#\/schema\/logo\/image\/\"}}]}<\/script>\n<!-- \/ Yoast SEO plugin. -->","yoast_head_json":{"title":"Mapa web - Momentum Solution Business","robots":{"index":"index","follow":"follow","max-snippet":"max-snippet:-1","max-image-preview":"max-image-preview:large","max-video-preview":"max-video-preview:-1"},"canonical":"https:\/\/momentumsolutionbusiness.com\/ca\/mapa-web\/","og_locale":"ca_ES","og_type":"article","og_title":"Mapa web - Momentum Solution Business","og_description":"Mapa web","og_url":"https:\/\/momentumsolutionbusiness.com\/ca\/mapa-web\/","og_site_name":"Momentum Solution Business","article_modified_time":"2024-12-09T08:41:51+00:00","twitter_card":"summary_large_image","schema":{"@context":"https:\/\/schema.org","@graph":[{"@type":"WebPage","@id":"https:\/\/momentumsolutionbusiness.com\/mapa-web\/","url":"https:\/\/momentumsolutionbusiness.com\/mapa-web\/","name":"Mapa web - Momentum Solution Business","isPartOf":{"@id":"https:\/\/momentumsolutionbusiness.com\/#website"},"datePublished":"2023-12-14T17:02:47+00:00","dateModified":"2024-12-09T08:41:51+00:00","breadcrumb":{"@id":"https:\/\/momentumsolutionbusiness.com\/mapa-web\/#breadcrumb"},"inLanguage":"ca","potentialAction":[{"@type":"ReadAction","target":["https:\/\/momentumsolutionbusiness.com\/mapa-web\/"]}]},{"@type":"BreadcrumbList","@id":"https:\/\/momentumsolutionbusiness.com\/mapa-web\/#breadcrumb","itemListElement":[{"@type":"ListItem","position":1,"name":"Portada","item":"https:\/\/momentumsolutionbusiness.com\/"},{"@type":"ListItem","position":2,"name":"Mapa web"}]},{"@type":"WebSite","@id":"https:\/\/momentumsolutionbusiness.com\/#website","url":"https:\/\/momentumsolutionbusiness.com\/","name":"Momentum Solution Business","description":"Disseny gr\u00e0fic i comunicaci\u00f3 a Barcelona","publisher":{"@id":"https:\/\/momentumsolutionbusiness.com\/#organization"},"potentialAction":[{"@type":"SearchAction","target":{"@type":"EntryPoint","urlTemplate":"https:\/\/momentumsolutionbusiness.com\/?s={search_term_string}"},"query-input":{"@type":"PropertyValueSpecification","valueRequired":true,"valueName":"search_term_string"}}],"inLanguage":"ca"},{"@type":"Organization","@id":"https:\/\/momentumsolutionbusiness.com\/#organization","name":"Momentum Solution Business","url":"https:\/\/momentumsolutionbusiness.com\/","logo":{"@type":"ImageObject","inLanguage":"ca","@id":"https:\/\/momentumsolutionbusiness.com\/#\/schema\/logo\/image\/","url":"https:\/\/momentumsolutionbusiness.com\/wp-content\/uploads\/2025\/01\/cropped-cropped-cropped-momentum-logo-06-1-1.png","contentUrl":"https:\/\/momentumsolutionbusiness.com\/wp-content\/uploads\/2025\/01\/cropped-cropped-cropped-momentum-logo-06-1-1.png","width":2249,"height":786,"caption":"Momentum Solution Business"},"image":{"@id":"https:\/\/momentumsolutionbusiness.com\/#\/schema\/logo\/image\/"}}]}},"campaignId":"","taxonomy_info":[],"featured_image_src_large":false,"author_info":{"display_name":"eloi","author_link":"https:\/\/momentumsolutionbusiness.com\/ca\/author\/eloi\/"},"comment_info":0,"_links":{"self":[{"href":"https:\/\/momentumsolutionbusiness.com\/ca\/wp-json\/wp\/v2\/pages\/13","targetHints":{"allow":["GET"]}}],"collection":[{"href":"https:\/\/momentumsolutionbusiness.com\/ca\/wp-json\/wp\/v2\/pages"}],"about":[{"href":"https:\/\/momentumsolutionbusiness.com\/ca\/wp-json\/wp\/v2\/types\/page"}],"author":[{"embeddable":true,"href":"https:\/\/momentumsolutionbusiness.com\/ca\/wp-json\/wp\/v2\/users\/1"}],"replies":[{"embeddable":true,"href":"https:\/\/momentumsolutionbusiness.com\/ca\/wp-json\/wp\/v2\/comments?post=13"}],"version-history":[{"count":2,"href":"https:\/\/momentumsolutionbusiness.com\/ca\/wp-json\/wp\/v2\/pages\/13\/revisions"}],"predecessor-version":[{"id":4846,"href":"https:\/\/momentumsolutionbusiness.com\/ca\/wp-json\/wp\/v2\/pages\/13\/revisions\/4846"}],"wp:attachment":[{"href":"https:\/\/momentumsolutionbusiness.com\/ca\/wp-json\/wp\/v2\/media?parent=13"}],"curies":[{"name":"wp","href":"https:\/\/api.w.org\/{rel}","templated":true}]}}